{"id":248,"date":"2025-10-09T14:24:55","date_gmt":"2025-10-09T11:24:55","guid":{"rendered":"https:\/\/www.privacyestetik.com\/hakkimizda\/"},"modified":"2025-10-31T12:00:10","modified_gmt":"2025-10-31T09:00:10","slug":"hakkimizda","status":"publish","type":"page","link":"https:\/\/www.privacyestetik.com\/tr\/hakkimizda\/","title":{"rendered":"Hakk\u0131m\u0131zda"},"content":{"rendered":"<p>Privacy Estetik, \u0130stanbul&#8217;un her iki yakas\u0131ndaki hastanelerde \u00f6zellikle misafirlerinin memnuniyeti i\u00e7in \u00e7al\u0131\u015fmaktad\u0131r. Privacy Aesthetics, hastalar\u0131m\u0131za operasyondan sonra en iyi deneyimi ya\u015fatacakt\u0131r. Profesyonel ekibimiz sizi en son teknoloji ile \u00fc\u00e7 boyutlu bir sistemde de\u011ferlendirir.<\/p>\n<p>Gizlili\u011fimiz 7\/24 hizmetinizdedir. Estetik ailesi olarak sizleri aram\u0131zda g\u00f6rmekten ve kendinizi daha \u00f6zel hissetmeniz i\u00e7in yan\u0131n\u0131zda olmaktan mutluluk duyar\u0131z.<\/p>\n","protected":false},"excerpt":{"rendered":"<p>Privacy Estetik, \u0130stanbul&#8217;un her iki yakas\u0131ndaki hastanelerde \u00f6zellikle misafirlerinin memnuniyeti i\u00e7in \u00e7al\u0131\u015fmaktad\u0131r. Privacy Aesthetics, hastalar\u0131m\u0131za operasyondan sonra en iyi deneyimi ya\u015fatacakt\u0131r. Profesyonel ekibimiz sizi en son teknoloji ile \u00fc\u00e7 boyutlu bir sistemde de\u011ferlendirir. Gizlili\u011fimiz 7\/24 hizmetinizdedir. Estetik ailesi olarak sizleri aram\u0131zda g\u00f6rmekten ve kendinizi daha \u00f6zel hissetmeniz i\u00e7in yan\u0131n\u0131zda olmaktan mutluluk duyar\u0131z.<\/p>\n","protected":false},"author":1,"featured_media":442,"parent":0,"menu_order":0,"comment_status":"closed","ping_status":"closed","template":"","meta":{"footnotes":""},"class_list":["post-248","page","type-page","status-publish","has-post-thumbnail","hentry"],"_links":{"self":[{"href":"https:\/\/www.privacyestetik.com\/tr\/wp-json\/wp\/v2\/pages\/248","targetHints":{"allow":["GET"]}}],"collection":[{"href":"https:\/\/www.privacyestetik.com\/tr\/wp-json\/wp\/v2\/pages"}],"about":[{"href":"https:\/\/www.privacyestetik.com\/tr\/wp-json\/wp\/v2\/types\/page"}],"author":[{"embeddable":true,"href":"https:\/\/www.privacyestetik.com\/tr\/wp-json\/wp\/v2\/users\/1"}],"replies":[{"embeddable":true,"href":"https:\/\/www.privacyestetik.com\/tr\/wp-json\/wp\/v2\/comments?post=248"}],"version-history":[{"count":1,"href":"https:\/\/www.privacyestetik.com\/tr\/wp-json\/wp\/v2\/pages\/248\/revisions"}],"predecessor-version":[{"id":443,"href":"https:\/\/www.privacyestetik.com\/tr\/wp-json\/wp\/v2\/pages\/248\/revisions\/443"}],"wp:featuredmedia":[{"embeddable":true,"href":"https:\/\/www.privacyestetik.com\/tr\/wp-json\/wp\/v2\/media\/442"}],"wp:attachment":[{"href":"https:\/\/www.privacyestetik.com\/tr\/wp-json\/wp\/v2\/media?parent=248"}],"curies":[{"name":"wp","href":"https:\/\/api.w.org\/{rel}","templated":true}]}}